{"id":42,"date":"2021-03-01T09:25:16","date_gmt":"2021-03-01T08:25:16","guid":{"rendered":"http:\/\/alizeefievre.fr\/?page_id=42"},"modified":"2021-03-15T12:36:10","modified_gmt":"2021-03-15T11:36:10","slug":"qui-suis-je","status":"publish","type":"page","link":"https:\/\/alizeefievre.fr\/?page_id=42","title":{"rendered":"Qui suis-je?"},"content":{"rendered":"\t\t<div data-elementor-type=\"wp-page\" data-elementor-id=\"42\" class=\"elementor elementor-42\" data-elementor-settings=\"[]\">\n\t\t\t\t\t\t\t<div class=\"elementor-section-wrap\">\n\t\t\t\t\t\t\t<section class=\"elementor-section elementor-top-section elementor-element elementor-element-dd68955 elementor-section-boxed elementor-section-height-default elementor-section-height-default\" data-id=\"dd68955\" data-element_type=\"section\">\n\t\t\t\t\t\t<div class=\"elementor-container elementor-column-gap-default\">\n\t\t\t\t\t<div class=\"elementor-column elementor-col-100 elementor-top-column elementor-element elementor-element-402562b\" data-id=\"402562b\" data-element_type=\"column\">\n\t\t\t<div class=\"elementor-widget-wrap elementor-element-populated\">\n\t\t\t\t\t\t\t\t<div class=\"elementor-element elementor-element-32d7c31 elementor-widget elementor-widget-text-editor\" data-id=\"32d7c31\" data-element_type=\"widget\" data-widget_type=\"text-editor.default\">\n\t\t\t\t<div class=\"elementor-widget-container\">\n\t\t\t\t\t\t\t<p align=\"justify\"><span style=\"color: #ff3300;\"><span style=\"font-family: Calibri, sans-serif;\"><span style=\"font-size: medium;\"><b>Q<\/b><b>ui suis-je\u00a0?<\/b><\/span><\/span><\/span><\/p><p align=\"justify\"><span style=\"font-family: Calibri, sans-serif;\"><span style=\"font-size: medium;\"><span style=\"color: #000000;\">J<\/span><span style=\"color: #000000;\">e tenais vraiment \u00e0 me pr\u00e9senter \u00e0 vous qui \u00eates d\u00e9j\u00e0 dans une d\u00e9marche proactive afin de trouver de l\u2019aide pour <\/span><span style=\"color: #000000;\">avancer sur votre chemin de vie<\/span><span style=\"color: #000000;\">. Ce n\u2019est pas simple ni m\u00eame \u00e9vident de trouver une \u00ab\u00a0psy\u00a0\u00bb avec laquelle \u00eatre en confiance o\u00f9 le \u00ab\u00a0feeling passera bien\u00a0\u00bb, disent certaines personnes. Et c\u2019est vrai. <\/span><\/span><\/span><\/p><p align=\"justify\"><span style=\"font-family: Calibri, sans-serif;\"><span style=\"font-size: medium;\"><span style=\"color: #000000;\">Voil\u00e0 pourquoi il me semble essentiel dans un premier temps de vous informer sur <\/span><span style=\"color: #000000;\">mon parcours <\/span><span style=\"color: #000000;\">universitaire <\/span><span style=\"color: #000000;\">et <\/span><span style=\"color: #000000;\">mes formations <\/span><span style=\"color: #000000;\">ainsi que<\/span><span style=\"color: #000000;\"> mes exp\u00e9riences professionnelles, et nous nous rencontrerons par la suite afin d\u2019\u00e9tablir une relation de confiance optimale.<\/span><\/span><\/span><\/p>\t\t\t\t\t\t<\/div>\n\t\t\t\t<\/div>\n\t\t\t\t\t<\/div>\n\t\t<\/div>\n\t\t\t\t\t\t\t<\/div>\n\t\t<\/section>\n\t\t\t\t<section class=\"elementor-section elementor-top-section elementor-element elementor-element-03f297a elementor-section-boxed elementor-section-height-default elementor-section-height-default\" data-id=\"03f297a\" data-element_type=\"section\">\n\t\t\t\t\t\t<div class=\"elementor-container elementor-column-gap-default\">\n\t\t\t\t\t<div class=\"elementor-column elementor-col-100 elementor-top-column elementor-element elementor-element-45cbc09\" data-id=\"45cbc09\" data-element_type=\"column\">\n\t\t\t<div class=\"elementor-widget-wrap elementor-element-populated\">\n\t\t\t\t\t\t\t\t<section class=\"elementor-section elementor-inner-section elementor-element elementor-element-83b79a4 elementor-section-boxed elementor-section-height-default elementor-section-height-default\" data-id=\"83b79a4\" data-element_type=\"section\">\n\t\t\t\t\t\t<div class=\"elementor-container elementor-column-gap-default\">\n\t\t\t\t\t<div class=\"elementor-column elementor-col-50 elementor-inner-column elementor-element elementor-element-75c428c\" data-id=\"75c428c\" data-element_type=\"column\">\n\t\t\t<div class=\"elementor-widget-wrap elementor-element-populated\">\n\t\t\t\t\t\t\t\t<div class=\"elementor-element elementor-element-c9f1efd elementor-widget elementor-widget-text-editor\" data-id=\"c9f1efd\" data-element_type=\"widget\" data-widget_type=\"text-editor.default\">\n\t\t\t\t<div class=\"elementor-widget-container\">\n\t\t\t\t\t\t\t<p align=\"justify\"><span style=\"text-decoration: underline;\"><em><b>Mon parcours universitaire et <\/b><b>M<\/b><b>es formations<\/b>:<\/em><\/span><\/p><p>* WISC V chez ANAE Formations<br \/>(2019-2020)<\/p><p>* Le stress chez FormationsPsy (2020)<\/p><p>* Les conduites suicidaires chez MOOC <br \/>(2020)<\/p><p>* Hypnose Ericksonienne chez Psynapse <br \/>(2019)<\/p><p>* Sauveteur Secouriste du Travail <br \/>(2019)<\/p><p>* OMEGA :gestion et pr\u00e9vention des <br \/>situations de violence et d\u2019agressivit\u00e9 chez<br \/>OMEGA FRANCE (2018)<\/p><p>* MASTER de Psychologie<br \/>Clinique de l\u2019Enfant et de<br \/>l\u2019Adolescent (1) <br \/>Universit\u00e9 de Mons &#8211; Belgique<\/p><p>* LICENCE de Psychologie<br \/>Universit\u00e9 Fran\u00e7ois Rabelais \u2013 Tours (37)<\/p><p align=\"justify\"><i><b>.<sup>(1) <\/sup>Mes travaux de recherche portent sur \u00ab\u00a0La pr\u00e9maturit\u00e9 et son impact sur la relation d\u2019attachement m\u00e8re-enfant et les repr\u00e9sentations maternelles, trois ans apr\u00e8s la naissance\u00a0\u00bb ainsi que \u00ab\u00a0L\u2019influence de la d\u00e9pression et de l\u2019anxi\u00e9t\u00e9 sur l\u2019attachement pr\u00e9natal chez les primip\u00e8res\u00a0\u00bb.<\/b><\/i><\/p>\t\t\t\t\t\t<\/div>\n\t\t\t\t<\/div>\n\t\t\t\t\t<\/div>\n\t\t<\/div>\n\t\t\t\t<div class=\"elementor-column elementor-col-50 elementor-inner-column elementor-element elementor-element-d649bf9\" data-id=\"d649bf9\" data-element_type=\"column\">\n\t\t\t<div class=\"elementor-widget-wrap elementor-element-populated\">\n\t\t\t\t\t\t\t\t<div class=\"elementor-element elementor-element-43a0862 elementor-widget elementor-widget-text-editor\" data-id=\"43a0862\" data-element_type=\"widget\" data-widget_type=\"text-editor.default\">\n\t\t\t\t<div class=\"elementor-widget-container\">\n\t\t\t\t\t\t\t<p align=\"justify\"><span style=\"text-decoration: underline;\"><em><b>Mes exp\u00e9riences professionnelles<\/b>:<\/em><\/span><\/p><p>* <span style=\"text-decoration: underline;\"><em><strong>Psychologue Clinicienne et Hypnoth\u00e9rapeute Lib\u00e9rale<\/strong><\/em><\/span><br \/>(2021 &#8211; \u00e0 ce jour) <br \/>Maison de sant\u00e9 pluriprofessionnelle Donnefort &#8211; 47000 Agen: Psychoth\u00e9rapies individuelles,<br \/>Hypnose Ericksonienne, <br \/>Bilans psychologiques,<br \/>Groupe de travail CLSM (SISM 2021)<\/p><p>* <span style=\"text-decoration: underline;\"><em><strong>Psychologue Clinicienne<\/strong><\/em><\/span><br \/>(2018 \u2013 2021) CDI \u2013 Temps plein<br \/>Centre M\u00e9dico-Psycho-P\u00e9dagogique\u00a0: <br \/>Psychoth\u00e9rapies individuelles et <br \/>Repr\u00e9sentante du comit\u00e9 NeurodeV<\/p><p>* <span style=\"text-decoration: underline;\"><em><strong>Stagiaire psychologue<\/strong><\/em><\/span> (2016 &#8211; 2017)<br \/>Centre M\u00e9dico-Psycho-P\u00e9dagogique\u00a0:<br \/>Prise en soin des usagers en<br \/>s\u00e9ances individuelles et Groupe <br \/>Th\u00e9rapeutique (USPP)<\/p><p>* <span style=\"text-decoration: underline;\"><em><strong>Stagiaire psychologue<\/strong><\/em><\/span> (2016)<br \/>Centre M\u00e9dico-Psychologique\u00a0:<br \/>Participation aux th\u00e9rapies, prise<br \/>en charge des suivis individuels<br \/>m\u00e8res-enfants et collectifs<br \/>m\u00e8res\/p\u00e8res\/enfants et p\u00e9dopsychiatrie <br \/>de liaisons<\/p><p>* <span style=\"text-decoration: underline;\"><em><strong>Stagiaire psychologue<\/strong><\/em><\/span> (2014)<br \/>Centre d\u2019Action M\u00e9dico-Sociale <br \/>Pr\u00e9coce\u00a0: Participation aux th\u00e9rapies, <br \/>Suivis individuels m\u00e8res-enfants et <br \/>Parents-Enfants et participation <br \/>\u00e0 la passation de tests<\/p>\t\t\t\t\t\t<\/div>\n\t\t\t\t<\/div>\n\t\t\t\t\t<\/div>\n\t\t<\/div>\n\t\t\t\t\t\t\t<\/div>\n\t\t<\/section>\n\t\t\t\t<div class=\"elementor-element elementor-element-513332c elementor-widget elementor-widget-text-editor\" data-id=\"513332c\" data-element_type=\"widget\" data-widget_type=\"text-editor.default\">\n\t\t\t\t<div class=\"elementor-widget-container\">\n\t\t\t\t\t\t\t<p align=\"justify\">\u00a0<\/p><p style=\"margin-bottom: 0cm; line-height: 100%;\" align=\"justify\"><span style=\"font-family: Calibri, sans-serif;\"><span style=\"font-size: medium;\"><span style=\"color: #000000;\">Afin de vous proposer un accompagnement optimal et \u00eatre au plus proche des derni\u00e8res actualit\u00e9s cliniques <\/span><span style=\"color: #000000;\">mais<\/span><span style=\"color: #000000;\"> aussi pour compl\u00e9ter mes connaissances th\u00e9oriques, je participe \u00e0 des<\/span><span style=\"color: #000000;\"><b> :<\/b><\/span><\/span><\/span><\/p>\t\t\t\t\t\t<\/div>\n\t\t\t\t<\/div>\n\t\t\t\t<section class=\"elementor-section elementor-inner-section elementor-element elementor-element-74ca64f elementor-section-boxed elementor-section-height-default elementor-section-height-default\" data-id=\"74ca64f\" data-element_type=\"section\">\n\t\t\t\t\t\t<div class=\"elementor-container elementor-column-gap-default\">\n\t\t\t\t\t<div class=\"elementor-column elementor-col-50 elementor-inner-column elementor-element elementor-element-8c597b5\" data-id=\"8c597b5\" data-element_type=\"column\">\n\t\t\t<div class=\"elementor-widget-wrap elementor-element-populated\">\n\t\t\t\t\t\t\t\t<div class=\"elementor-element elementor-element-3f60719 elementor-widget elementor-widget-text-editor\" data-id=\"3f60719\" data-element_type=\"widget\" data-widget_type=\"text-editor.default\">\n\t\t\t\t<div class=\"elementor-widget-container\">\n\t\t\t\t\t\t\t<p align=\"justify\"><span style=\"color: #ff3300;\"><span style=\"font-family: Calibri, sans-serif;\"><span style=\"font-size: medium;\"><span style=\"text-decoration: underline;\"><em><b>Conf\u00e9rences:<\/b><\/em><\/span><b><\/b><\/span><\/span><\/span><\/p><p><em>* \u00ab A propos de la maltraitance au f\u0153tus \u00bb (CERC CONGRES),<\/em><\/p><p align=\"justify\"><em>* \u00ab \u00c9tudes des influences familiales: diff\u00e9rentes approches en psychopathologie de l\u2019adolescent \u00bb,<\/em><\/p><p align=\"justify\"><em>* \u00ab La place du psychologue en h\u00f4pital \u00bb,<\/em><\/p><p align=\"justify\"><em>* \u00ab Parentalit\u00e9 et petite enfance : Quelles \u00e9volutions ? \u00bb,<\/em><\/p><p align=\"justify\"><em>* \u00ab Les th\u00e9rapies br\u00e8ves plurielles \u00bb (Espace du Possible),<\/em><\/p><p align=\"justify\"><em>* \u00ab Hypnose et trouble neuro-d\u00e9veloppemental de l\u2019enfant \u00bb (Espace du Possible),<\/em><\/p><p align=\"justify\"><em>* \u00ab Hypnose et strat\u00e9gies \u00bb (Espace du Possible)<\/em><\/p>\t\t\t\t\t\t<\/div>\n\t\t\t\t<\/div>\n\t\t\t\t\t<\/div>\n\t\t<\/div>\n\t\t\t\t<div class=\"elementor-column elementor-col-50 elementor-inner-column elementor-element elementor-element-922d68c\" data-id=\"922d68c\" data-element_type=\"column\" data-settings=\"{&quot;background_background&quot;:&quot;gradient&quot;}\">\n\t\t\t<div class=\"elementor-widget-wrap elementor-element-populated\">\n\t\t\t\t\t\t\t\t<div class=\"elementor-element elementor-element-dffdb0f elementor-widget elementor-widget-text-editor\" data-id=\"dffdb0f\" data-element_type=\"widget\" data-widget_type=\"text-editor.default\">\n\t\t\t\t<div class=\"elementor-widget-container\">\n\t\t\t\t\t\t\t<p align=\"justify\"><span style=\"color: #ff3300;\"><span style=\"font-family: Calibri, sans-serif;\"><span style=\"font-size: medium;\"><span style=\"text-decoration: underline;\"><em><b>W\u00e9binaires:<\/b><\/em><\/span><b><\/b><\/span><\/span><\/span><\/p><p align=\"justify\"><em><b>* <\/b>\u00ab Actualit\u00e9s des troubles d\u2019apprentissage : clinique et \u00e9valuation \u00bb(APPEA),<\/em><\/p><p align=\"justify\"><em>* \u00ab La relation th\u00e9rapeutique chez l\u2019enfant \u2013 M\u00e9thode Berg\u00e8s \u00bb (APPEA),<\/em><\/p><p align=\"justify\"><em>* \u00ab Troubles psy et traumatismes : une association \u00e9vidente ? \u00bb (Journ\u00e9e de la Schizophr\u00e9nie),<\/em><\/p><p align=\"justify\"><em>* \u00ab Traumatique ou fondateur : \u00e0 quoi sert le diagnostic d\u2019autisme pour l\u2019enfant et sa famille ? \u00bb (APPEA),<\/em><\/p><p align=\"justify\"><em>* \u00ab Forum digital Journ\u00e9e Nationale de la Pr\u00e9vention du Suicide \u00bb (UNPS),<\/em><\/p><p align=\"justify\"><em>* \u00ab Le masque ou l\u2019\u00e9cran : nouveaux d\u00e9fis pour le psychologue \u00bb (CLINAP),<\/em><\/p><p align=\"justify\"><em>* \u00ab Troubles psy et image de soi: un cocktail d&rsquo;opportunit\u00e9s \u00bb (Journ\u00e9e de la Schizophr\u00e9nie)<\/em><\/p><p align=\"justify\"><em><b>\u00a0<\/b><\/em><\/p>\t\t\t\t\t\t<\/div>\n\t\t\t\t<\/div>\n\t\t\t\t\t<\/div>\n\t\t<\/div>\n\t\t\t\t\t\t\t<\/div>\n\t\t<\/section>\n\t\t\t\t\t<\/div>\n\t\t<\/div>\n\t\t\t\t\t\t\t<\/div>\n\t\t<\/section>\n\t\t\t\t\t\t<\/div>\n\t\t\t\t\t<\/div>\n\t\t","protected":false},"excerpt":{"rendered":"<p>Qui suis-je\u00a0? Je tenais vraiment \u00e0 me pr\u00e9senter \u00e0 vous qui \u00eates d\u00e9j\u00e0 dans une d\u00e9marche proactive afin de trouver de l\u2019aide pour avancer sur votre chemin de vie. Ce n\u2019est pas simple ni m\u00eame \u00e9vident de trouver une \u00ab\u00a0psy\u00a0\u00bb avec laquelle \u00eatre en confiance o\u00f9 le \u00ab\u00a0feeling passera bien\u00a0\u00bb, disent certaines personnes. Et c\u2019est [&hellip;]<\/p>\n","protected":false},"author":1,"featured_media":0,"parent":0,"menu_order":1,"comment_status":"closed","ping_status":"closed","template":"","meta":[],"_links":{"self":[{"href":"https:\/\/alizeefievre.fr\/index.php?rest_route=\/wp\/v2\/pages\/42"}],"collection":[{"href":"https:\/\/alizeefievre.fr\/index.php?rest_route=\/wp\/v2\/pages"}],"about":[{"href":"https:\/\/alizeefievre.fr\/index.php?rest_route=\/wp\/v2\/types\/page"}],"author":[{"embeddable":true,"href":"https:\/\/alizeefievre.fr\/index.php?rest_route=\/wp\/v2\/users\/1"}],"replies":[{"embeddable":true,"href":"https:\/\/alizeefievre.fr\/index.php?rest_route=%2Fwp%2Fv2%2Fcomments&post=42"}],"version-history":[{"count":94,"href":"https:\/\/alizeefievre.fr\/index.php?rest_route=\/wp\/v2\/pages\/42\/revisions"}],"predecessor-version":[{"id":875,"href":"https:\/\/alizeefievre.fr\/index.php?rest_route=\/wp\/v2\/pages\/42\/revisions\/875"}],"wp:attachment":[{"href":"https:\/\/alizeefievre.fr\/index.php?rest_route=%2Fwp%2Fv2%2Fmedia&parent=42"}],"curies":[{"name":"wp","href":"https:\/\/api.w.org\/{rel}","templated":true}]}}