{"id":41,"date":"2021-03-01T09:25:16","date_gmt":"2021-03-01T08:25:16","guid":{"rendered":"http:\/\/alizeefievre.fr\/?page_id=41"},"modified":"2025-12-18T09:08:03","modified_gmt":"2025-12-18T08:08:03","slug":"accueil","status":"publish","type":"page","link":"https:\/\/alizeefievre.fr\/","title":{"rendered":"Accueil"},"content":{"rendered":"\t\t<div data-elementor-type=\"wp-page\" data-elementor-id=\"41\" class=\"elementor elementor-41\" data-elementor-settings=\"[]\">\n\t\t\t\t\t\t\t<div class=\"elementor-section-wrap\">\n\t\t\t\t\t\t\t<section class=\"elementor-section elementor-top-section elementor-element elementor-element-fec5e43 elementor-section-full_width elementor-section-stretched elementor-section-height-default elementor-section-height-default\" data-id=\"fec5e43\" data-element_type=\"section\" data-settings=\"{&quot;stretch_section&quot;:&quot;section-stretched&quot;}\">\n\t\t\t\t\t\t<div class=\"elementor-container elementor-column-gap-default\">\n\t\t\t\t\t<div class=\"elementor-column elementor-col-100 elementor-top-column elementor-element elementor-element-0d049aa\" data-id=\"0d049aa\" data-element_type=\"column\">\n\t\t\t<div class=\"elementor-widget-wrap elementor-element-populated\">\n\t\t\t\t\t\t\t\t<div class=\"elementor-element elementor-element-287c465 elementor-widget elementor-widget-image\" data-id=\"287c465\" data-element_type=\"widget\" data-widget_type=\"image.default\">\n\t\t\t\t<div class=\"elementor-widget-container\">\n\t\t\t\t\t\t\t\t\t\t\t\t\t\t\t<img width=\"1819\" height=\"585\" src=\"https:\/\/alizeefievre.fr\/wp-content\/uploads\/2021\/03\/cabinet-alizee-fievre-psychologue04.png\" class=\"attachment-full size-full\" alt=\"\" loading=\"lazy\" srcset=\"https:\/\/alizeefievre.fr\/wp-content\/uploads\/2021\/03\/cabinet-alizee-fievre-psychologue04.png 1819w, https:\/\/alizeefievre.fr\/wp-content\/uploads\/2021\/03\/cabinet-alizee-fievre-psychologue04-300x96.png 300w, https:\/\/alizeefievre.fr\/wp-content\/uploads\/2021\/03\/cabinet-alizee-fievre-psychologue04-1024x329.png 1024w, https:\/\/alizeefievre.fr\/wp-content\/uploads\/2021\/03\/cabinet-alizee-fievre-psychologue04-768x247.png 768w, https:\/\/alizeefievre.fr\/wp-content\/uploads\/2021\/03\/cabinet-alizee-fievre-psychologue04-1536x494.png 1536w\" sizes=\"(max-width: 1819px) 100vw, 1819px\" \/>\t\t\t\t\t\t\t\t\t\t\t\t\t\t\t<\/div>\n\t\t\t\t<\/div>\n\t\t\t\t\t<\/div>\n\t\t<\/div>\n\t\t\t\t\t\t\t<\/div>\n\t\t<\/section>\n\t\t\t\t<section class=\"elementor-section elementor-top-section elementor-element elementor-element-2825785 elementor-section-boxed elementor-section-height-default elementor-section-height-default\" data-id=\"2825785\" data-element_type=\"section\">\n\t\t\t\t\t\t<div class=\"elementor-container elementor-column-gap-default\">\n\t\t\t\t\t<div class=\"elementor-column elementor-col-100 elementor-top-column elementor-element elementor-element-bdf2933\" data-id=\"bdf2933\" data-element_type=\"column\">\n\t\t\t<div class=\"elementor-widget-wrap elementor-element-populated\">\n\t\t\t\t\t\t\t\t<section class=\"elementor-section elementor-inner-section elementor-element elementor-element-978a0bc elementor-section-boxed elementor-section-height-default elementor-section-height-default\" data-id=\"978a0bc\" data-element_type=\"section\">\n\t\t\t\t\t\t<div class=\"elementor-container elementor-column-gap-default\">\n\t\t\t\t\t<div class=\"elementor-column elementor-col-50 elementor-inner-column elementor-element elementor-element-1f66cba\" data-id=\"1f66cba\" data-element_type=\"column\">\n\t\t\t<div class=\"elementor-widget-wrap elementor-element-populated\">\n\t\t\t\t\t\t\t\t<div class=\"elementor-element elementor-element-666e08c elementor-widget elementor-widget-text-editor\" data-id=\"666e08c\" data-element_type=\"widget\" data-widget_type=\"text-editor.default\">\n\t\t\t\t<div class=\"elementor-widget-container\">\n\t\t\t\t\t\t\t<p style=\"text-align: center;\" align=\"justify\">Je m\u2019appelle <strong><span style=\"color: #cc6600;\">Aliz\u00e9e Fi\u00e8vre<\/span><\/strong>, je suis <strong><span style=\"color: #cc6600;\">Psychologue clinicienne et hypnoth\u00e9rapeute sp\u00e9cialis\u00e9e<\/span><\/strong> aupr\u00e8s des <strong><span style=\"color: #cc6600;\">ENFANTS<\/span><\/strong>, des <strong><span style=\"color: #cc6600;\">ADOLESCENTS<\/span><\/strong> ainsi qu\u2019en PERINATALIT\u00c9.<\/p><p style=\"text-align: center;\" align=\"justify\">Je re\u00e7ois au <span style=\"color: #cc6600;\">cabinet<\/span> d\u2019Agen\u00a0 (Maison de Sant\u00e9 Pluriprofessionnel Donnefort) ou en <span style=\"color: #cc6600;\">distanciel<\/span> (t\u00e9l\u00e9consultation).<\/p><p style=\"text-align: center;\" align=\"justify\">Je vous accueille au cabinet:<\/p><ul><li style=\"text-align: center;\"><strong><span style=\"color: #cc6600;\">lundi et mardi de 8h30 \u00e0 18h30<\/span><\/strong><\/li><li style=\"text-align: center;\"><strong><span style=\"color: #cc6600;\">mercredi de 8h30 \u00e0 18h30<\/span><\/strong><\/li><li style=\"text-align: center;\"><strong><span style=\"color: #cc6600;\">jeud<\/span><\/strong><strong><span style=\"color: #cc6600;\">i de 8h30 \u00e0 <\/span><\/strong><strong><span style=\"color: #cc6600;\">17h30<\/span><\/strong><\/li><\/ul><p style=\"text-align: center;\" align=\"justify\">Vous trouverez sur mon site diverses informations avant notre premi\u00e8re rencontre (qui suis-je, quel est mon parcours universitaire, quelles sont mes exp\u00e9riences, quels types de consultations je propose et pour quel public) ; je reste bien-entendu disponible par t\u00e9l\u00e9phone ou mail afin de r\u00e9pondre avec plaisir \u00e0 vos questions.<\/p><p style=\"text-align: center;\" align=\"justify\">Vous avez des besoins et des demandes en tant que parents et futurs parents, pour vous-m\u00eames ou pour votre enfant et-ou adolescent; la confiance et l\u2019\u00e9change sont les cl\u00e9s de notre rencontre car elles forgent l\u2019alliance th\u00e9rapeutique entre vous, l\u2019enfant, l\u2019adolescent et moi-m\u00eame. Nous avan\u00e7ons ensemble sur le chemin.<\/p><p style=\"text-align: center;\" align=\"justify\"><strong><span style=\"color: #cc6600;\">Nous co-construisons ensemble\u00a0!<\/span><\/strong><\/p><p style=\"text-align: center;\" align=\"justify\">Travailler seule face aux patients est pour moi utopique\u00a0; prendre en soin l\u2019enti\u00e8ret\u00e9 du sujet est pr\u00e9f\u00e9rable, c\u2019est pourquoi je travaille en lien avec des partenaires (m\u00e9decins, psychiatres, psychologues scolaires, orthophonistes, psychomotriciennes&#8230;) qui reconnaissent la valeur d\u2019un travail en pluridisciplinarit\u00e9 pour le bien et mieux-\u00eatre de l\u2019enfant, de l\u2019adolescent et des parents.<\/p>\t\t\t\t\t\t<\/div>\n\t\t\t\t<\/div>\n\t\t\t\t\t<\/div>\n\t\t<\/div>\n\t\t\t\t<div class=\"elementor-column elementor-col-50 elementor-inner-column elementor-element elementor-element-640a84c\" data-id=\"640a84c\" data-element_type=\"column\">\n\t\t\t<div class=\"elementor-widget-wrap\">\n\t\t\t\t\t\t\t\t\t<\/div>\n\t\t<\/div>\n\t\t\t\t\t\t\t<\/div>\n\t\t<\/section>\n\t\t\t\t\t<\/div>\n\t\t<\/div>\n\t\t\t\t\t\t\t<\/div>\n\t\t<\/section>\n\t\t\t\t<section class=\"elementor-section elementor-top-section elementor-element elementor-element-d56fd19 elementor-section-full_width elementor-section-height-default elementor-section-height-default\" data-id=\"d56fd19\" data-element_type=\"section\">\n\t\t\t\t\t\t<div class=\"elementor-container elementor-column-gap-default\">\n\t\t\t\t\t<div class=\"elementor-column elementor-col-14 elementor-top-column elementor-element elementor-element-5f013e6\" data-id=\"5f013e6\" data-element_type=\"column\">\n\t\t\t<div class=\"elementor-widget-wrap elementor-element-populated\">\n\t\t\t\t\t\t\t\t<div class=\"elementor-element elementor-element-68f11fc elementor-view-default elementor-widget elementor-widget-icon\" data-id=\"68f11fc\" data-element_type=\"widget\" data-widget_type=\"icon.default\">\n\t\t\t\t<div class=\"elementor-widget-container\">\n\t\t\t\t\t<div class=\"elementor-icon-wrapper\">\n\t\t\t<a class=\"elementor-icon\" href=\"https:\/\/www.facebook.com\/FievreAlizee\" target=\"_blank\">\n\t\t\t<i aria-hidden=\"true\" class=\"fab fa-facebook\"><\/i>\t\t\t<\/a>\n\t\t<\/div>\n\t\t\t\t<\/div>\n\t\t\t\t<\/div>\n\t\t\t\t\t<\/div>\n\t\t<\/div>\n\t\t\t\t<div class=\"elementor-column elementor-col-14 elementor-top-column elementor-element elementor-element-eb57bfb\" data-id=\"eb57bfb\" data-element_type=\"column\">\n\t\t\t<div class=\"elementor-widget-wrap elementor-element-populated\">\n\t\t\t\t\t\t\t\t<div class=\"elementor-element elementor-element-9f1f4b6 elementor-view-framed elementor-shape-circle elementor-widget elementor-widget-icon\" data-id=\"9f1f4b6\" data-element_type=\"widget\" data-widget_type=\"icon.default\">\n\t\t\t\t<div class=\"elementor-widget-container\">\n\t\t\t\t\t<div class=\"elementor-icon-wrapper\">\n\t\t\t<a class=\"elementor-icon\" href=\"https:\/\/www.instagram.com\/psychotherhappy\/\" target=\"_blank\">\n\t\t\t<i aria-hidden=\"true\" class=\"fab fa-instagram\"><\/i>\t\t\t<\/a>\n\t\t<\/div>\n\t\t\t\t<\/div>\n\t\t\t\t<\/div>\n\t\t\t\t\t<\/div>\n\t\t<\/div>\n\t\t\t\t<div class=\"elementor-column elementor-col-14 elementor-top-column elementor-element elementor-element-2b75c25\" data-id=\"2b75c25\" data-element_type=\"column\">\n\t\t\t<div class=\"elementor-widget-wrap elementor-element-populated\">\n\t\t\t\t\t\t\t\t<div class=\"elementor-element elementor-element-92f829e elementor-view-stacked elementor-shape-circle elementor-widget elementor-widget-icon\" data-id=\"92f829e\" data-element_type=\"widget\" data-widget_type=\"icon.default\">\n\t\t\t\t<div class=\"elementor-widget-container\">\n\t\t\t\t\t<div class=\"elementor-icon-wrapper\">\n\t\t\t<a class=\"elementor-icon\" href=\"https:\/\/www.linkedin.com\/feed\/\" target=\"_blank\">\n\t\t\t<i aria-hidden=\"true\" class=\"fab fa-linkedin-in\"><\/i>\t\t\t<\/a>\n\t\t<\/div>\n\t\t\t\t<\/div>\n\t\t\t\t<\/div>\n\t\t\t\t\t<\/div>\n\t\t<\/div>\n\t\t\t\t<div class=\"elementor-column elementor-col-14 elementor-top-column elementor-element elementor-element-ee16018\" data-id=\"ee16018\" data-element_type=\"column\">\n\t\t\t<div class=\"elementor-widget-wrap elementor-element-populated\">\n\t\t\t\t\t\t\t\t<div class=\"elementor-element elementor-element-02ae49a elementor-view-framed elementor-shape-circle elementor-widget elementor-widget-icon\" data-id=\"02ae49a\" data-element_type=\"widget\" data-widget_type=\"icon.default\">\n\t\t\t\t<div class=\"elementor-widget-container\">\n\t\t\t\t\t<div class=\"elementor-icon-wrapper\">\n\t\t\t<a class=\"elementor-icon\" href=\"http:\/\/0660450907\" target=\"_blank\">\n\t\t\t<i aria-hidden=\"true\" class=\"fab fa-whatsapp\"><\/i>\t\t\t<\/a>\n\t\t<\/div>\n\t\t\t\t<\/div>\n\t\t\t\t<\/div>\n\t\t\t\t\t<\/div>\n\t\t<\/div>\n\t\t\t\t<div class=\"elementor-column elementor-col-14 elementor-top-column elementor-element elementor-element-53918a0\" data-id=\"53918a0\" data-element_type=\"column\">\n\t\t\t<div class=\"elementor-widget-wrap elementor-element-populated\">\n\t\t\t\t\t\t\t\t<div class=\"elementor-element elementor-element-f04f13e elementor-view-stacked elementor-shape-circle elementor-widget elementor-widget-icon\" data-id=\"f04f13e\" data-element_type=\"widget\" data-widget_type=\"icon.default\">\n\t\t\t\t<div class=\"elementor-widget-container\">\n\t\t\t\t\t<div class=\"elementor-icon-wrapper\">\n\t\t\t<div class=\"elementor-icon\">\n\t\t\t<i aria-hidden=\"true\" class=\"fas fa-phone-square-alt\"><\/i>\t\t\t<\/div>\n\t\t<\/div>\n\t\t\t\t<\/div>\n\t\t\t\t<\/div>\n\t\t\t\t\t<\/div>\n\t\t<\/div>\n\t\t\t\t<div class=\"elementor-column elementor-col-14 elementor-top-column elementor-element elementor-element-ea61286\" data-id=\"ea61286\" data-element_type=\"column\">\n\t\t\t<div class=\"elementor-widget-wrap elementor-element-populated\">\n\t\t\t\t\t\t\t\t<div class=\"elementor-element elementor-element-23a88b9 elementor-view-stacked elementor-shape-circle elementor-widget elementor-widget-icon\" data-id=\"23a88b9\" data-element_type=\"widget\" data-widget_type=\"icon.default\">\n\t\t\t\t<div class=\"elementor-widget-container\">\n\t\t\t\t\t<div class=\"elementor-icon-wrapper\">\n\t\t\t<div class=\"elementor-icon\">\n\t\t\t<i aria-hidden=\"true\" class=\"far fa-envelope-open\"><\/i>\t\t\t<\/div>\n\t\t<\/div>\n\t\t\t\t<\/div>\n\t\t\t\t<\/div>\n\t\t\t\t\t<\/div>\n\t\t<\/div>\n\t\t\t\t<div class=\"elementor-column elementor-col-14 elementor-top-column elementor-element elementor-element-9525374\" data-id=\"9525374\" data-element_type=\"column\">\n\t\t\t<div class=\"elementor-widget-wrap elementor-element-populated\">\n\t\t\t\t\t\t\t\t<div class=\"elementor-element elementor-element-bea700d elementor-widget__width-auto elementor-widget elementor-widget-google_maps\" data-id=\"bea700d\" data-element_type=\"widget\" data-widget_type=\"google_maps.default\">\n\t\t\t\t<div class=\"elementor-widget-container\">\n\t\t\t\t\t<div class=\"elementor-custom-embed\">\n\t\t\t<iframe frameborder=\"0\" scrolling=\"no\" marginheight=\"0\" marginwidth=\"0\"\n\t\t\t\t\tsrc=\"https:\/\/maps.google.com\/maps?q=225%20Avenue%20L%C3%A9on%20Blum%20Agen&#038;t=m&#038;z=13&#038;output=embed&#038;iwloc=near\"\n\t\t\t\t\ttitle=\"225 Avenue L\u00e9on Blum Agen\"\n\t\t\t\t\taria-label=\"225 Avenue L\u00e9on Blum Agen\"\n\t\t\t><\/iframe>\n\t\t<\/div>\n\t\t\t\t<\/div>\n\t\t\t\t<\/div>\n\t\t\t\t\t<\/div>\n\t\t<\/div>\n\t\t\t\t\t\t\t<\/div>\n\t\t<\/section>\n\t\t\t\t\t\t<\/div>\n\t\t\t\t\t<\/div>\n\t\t","protected":false},"excerpt":{"rendered":"<p>Je m\u2019appelle Aliz\u00e9e Fi\u00e8vre, je suis Psychologue clinicienne et hypnoth\u00e9rapeute sp\u00e9cialis\u00e9e aupr\u00e8s des ENFANTS, des ADOLESCENTS ainsi qu\u2019en PERINATALIT\u00c9. Je re\u00e7ois au cabinet d\u2019Agen\u00a0 (Maison de Sant\u00e9 Pluriprofessionnel Donnefort) ou en distanciel (t\u00e9l\u00e9consultation). Je vous accueille au cabinet: lundi et mardi de 8h30 \u00e0 18h30 mercredi de 8h30 \u00e0 18h30 jeudi de 8h30 \u00e0 17h30 [&hellip;]<\/p>\n","protected":false},"author":1,"featured_media":0,"parent":0,"menu_order":0,"comment_status":"closed","ping_status":"closed","template":"","meta":[],"_links":{"self":[{"href":"https:\/\/alizeefievre.fr\/index.php?rest_route=\/wp\/v2\/pages\/41"}],"collection":[{"href":"https:\/\/alizeefievre.fr\/index.php?rest_route=\/wp\/v2\/pages"}],"about":[{"href":"https:\/\/alizeefievre.fr\/index.php?rest_route=\/wp\/v2\/types\/page"}],"author":[{"embeddable":true,"href":"https:\/\/alizeefievre.fr\/index.php?rest_route=\/wp\/v2\/users\/1"}],"replies":[{"embeddable":true,"href":"https:\/\/alizeefievre.fr\/index.php?rest_route=%2Fwp%2Fv2%2Fcomments&post=41"}],"version-history":[{"count":391,"href":"https:\/\/alizeefievre.fr\/index.php?rest_route=\/wp\/v2\/pages\/41\/revisions"}],"predecessor-version":[{"id":1231,"href":"https:\/\/alizeefievre.fr\/index.php?rest_route=\/wp\/v2\/pages\/41\/revisions\/1231"}],"wp:attachment":[{"href":"https:\/\/alizeefievre.fr\/index.php?rest_route=%2Fwp%2Fv2%2Fmedia&parent=41"}],"curies":[{"name":"wp","href":"https:\/\/api.w.org\/{rel}","templated":true}]}}