{"id":168,"date":"2021-03-02T21:55:46","date_gmt":"2021-03-02T20:55:46","guid":{"rendered":"https:\/\/alizeefievre.fr\/?page_id=168"},"modified":"2021-03-16T14:01:57","modified_gmt":"2021-03-16T13:01:57","slug":"contacts-acces","status":"publish","type":"page","link":"https:\/\/alizeefievre.fr\/?page_id=168","title":{"rendered":"Contacts\/Acc\u00e8s"},"content":{"rendered":"\t\t<div data-elementor-type=\"wp-page\" data-elementor-id=\"168\" class=\"elementor elementor-168\" data-elementor-settings=\"[]\">\n\t\t\t\t\t\t\t<div class=\"elementor-section-wrap\">\n\t\t\t\t\t\t\t<section class=\"elementor-section elementor-top-section elementor-element elementor-element-a881126 elementor-section-boxed elementor-section-height-default elementor-section-height-default\" data-id=\"a881126\" data-element_type=\"section\">\n\t\t\t\t\t\t<div class=\"elementor-container elementor-column-gap-default\">\n\t\t\t\t\t<div class=\"elementor-column elementor-col-100 elementor-top-column elementor-element elementor-element-7d5330c\" data-id=\"7d5330c\" data-element_type=\"column\">\n\t\t\t<div class=\"elementor-widget-wrap elementor-element-populated\">\n\t\t\t\t\t\t\t\t<div class=\"elementor-element elementor-element-4205eb2 elementor-widget elementor-widget-google_maps\" data-id=\"4205eb2\" data-element_type=\"widget\" data-widget_type=\"google_maps.default\">\n\t\t\t\t<div class=\"elementor-widget-container\">\n\t\t\t\t\t<div class=\"elementor-custom-embed\">\n\t\t\t<iframe frameborder=\"0\" scrolling=\"no\" marginheight=\"0\" marginwidth=\"0\"\n\t\t\t\t\tsrc=\"https:\/\/maps.google.com\/maps?q=225%20Avenue%20L%C3%A9on%20Blum%2047000%20Agen&#038;t=m&#038;z=14&#038;output=embed&#038;iwloc=near\"\n\t\t\t\t\ttitle=\"225 Avenue L\u00e9on Blum 47000 Agen\"\n\t\t\t\t\taria-label=\"225 Avenue L\u00e9on Blum 47000 Agen\"\n\t\t\t><\/iframe>\n\t\t<\/div>\n\t\t\t\t<\/div>\n\t\t\t\t<\/div>\n\t\t\t\t<section class=\"elementor-section elementor-inner-section elementor-element elementor-element-6740b61 elementor-section-boxed elementor-section-height-default elementor-section-height-default\" data-id=\"6740b61\" data-element_type=\"section\">\n\t\t\t\t\t\t<div class=\"elementor-container elementor-column-gap-default\">\n\t\t\t\t\t<div class=\"elementor-column elementor-col-100 elementor-inner-column elementor-element elementor-element-c778f3f\" data-id=\"c778f3f\" data-element_type=\"column\">\n\t\t\t<div class=\"elementor-widget-wrap elementor-element-populated\">\n\t\t\t\t\t\t\t\t<div class=\"elementor-element elementor-element-2911151 elementor-widget elementor-widget-text-editor\" data-id=\"2911151\" data-element_type=\"widget\" data-widget_type=\"text-editor.default\">\n\t\t\t\t<div class=\"elementor-widget-container\">\n\t\t\t\t\t\t\t<p>Pour <u><b>me contacter<\/b><\/u>, plusieurs possibilit\u00e9s s\u2019offrent \u00e0 vous\u00a0:<\/p>\t\t\t\t\t\t<\/div>\n\t\t\t\t<\/div>\n\t\t\t\t\t<\/div>\n\t\t<\/div>\n\t\t\t\t\t\t\t<\/div>\n\t\t<\/section>\n\t\t\t\t<section class=\"elementor-section elementor-inner-section elementor-element elementor-element-c29fcfd elementor-section-boxed elementor-section-height-default elementor-section-height-default\" data-id=\"c29fcfd\" data-element_type=\"section\">\n\t\t\t\t\t\t<div class=\"elementor-container elementor-column-gap-default\">\n\t\t\t\t\t<div class=\"elementor-column elementor-col-50 elementor-inner-column elementor-element elementor-element-fa718a2\" data-id=\"fa718a2\" data-element_type=\"column\">\n\t\t\t<div class=\"elementor-widget-wrap elementor-element-populated\">\n\t\t\t\t\t\t\t\t<div class=\"elementor-element elementor-element-393b20f elementor-view-stacked elementor-shape-circle elementor-widget elementor-widget-icon\" data-id=\"393b20f\" data-element_type=\"widget\" data-widget_type=\"icon.default\">\n\t\t\t\t<div class=\"elementor-widget-container\">\n\t\t\t\t\t<div class=\"elementor-icon-wrapper\">\n\t\t\t<div class=\"elementor-icon\">\n\t\t\t<i aria-hidden=\"true\" class=\"fas fa-phone-square-alt\"><\/i>\t\t\t<\/div>\n\t\t<\/div>\n\t\t\t\t<\/div>\n\t\t\t\t<\/div>\n\t\t\t\t<div class=\"elementor-element elementor-element-a194d84 elementor-widget elementor-widget-text-editor\" data-id=\"a194d84\" data-element_type=\"widget\" data-widget_type=\"text-editor.default\">\n\t\t\t\t<div class=\"elementor-widget-container\">\n\t\t\t\t\t\t\t<p>Par <u><b>t\u00e9l\u00e9phone<\/b><\/u>, au 06.60.45.09.07<\/p>\t\t\t\t\t\t<\/div>\n\t\t\t\t<\/div>\n\t\t\t\t\t<\/div>\n\t\t<\/div>\n\t\t\t\t<div class=\"elementor-column elementor-col-50 elementor-inner-column elementor-element elementor-element-90ad17c\" data-id=\"90ad17c\" data-element_type=\"column\">\n\t\t\t<div class=\"elementor-widget-wrap elementor-element-populated\">\n\t\t\t\t\t\t\t\t<div class=\"elementor-element elementor-element-e60f21b elementor-view-stacked elementor-shape-circle elementor-widget elementor-widget-icon\" data-id=\"e60f21b\" data-element_type=\"widget\" data-widget_type=\"icon.default\">\n\t\t\t\t<div class=\"elementor-widget-container\">\n\t\t\t\t\t<div class=\"elementor-icon-wrapper\">\n\t\t\t<div class=\"elementor-icon\">\n\t\t\t<i aria-hidden=\"true\" class=\"far fa-envelope-open\"><\/i>\t\t\t<\/div>\n\t\t<\/div>\n\t\t\t\t<\/div>\n\t\t\t\t<\/div>\n\t\t\t\t<div class=\"elementor-element elementor-element-9a90ba0 elementor-widget elementor-widget-text-editor\" data-id=\"9a90ba0\" data-element_type=\"widget\" data-widget_type=\"text-editor.default\">\n\t\t\t\t<div class=\"elementor-widget-container\">\n\t\t\t\t\t\t\t<p>Par <u><b>mail<\/b><\/u>, \u00e0 <a href=\"mailto:alizee.fievre@gmail.com\">alizee.fievre@gmail.com<\/a><\/p>\t\t\t\t\t\t<\/div>\n\t\t\t\t<\/div>\n\t\t\t\t\t<\/div>\n\t\t<\/div>\n\t\t\t\t\t\t\t<\/div>\n\t\t<\/section>\n\t\t\t\t<section class=\"elementor-section elementor-inner-section elementor-element elementor-element-7c63771 elementor-section-boxed elementor-section-height-default elementor-section-height-default\" data-id=\"7c63771\" data-element_type=\"section\">\n\t\t\t\t\t\t<div class=\"elementor-container elementor-column-gap-default\">\n\t\t\t\t\t<div class=\"elementor-column elementor-col-50 elementor-inner-column elementor-element elementor-element-305be7d\" data-id=\"305be7d\" data-element_type=\"column\">\n\t\t\t<div class=\"elementor-widget-wrap elementor-element-populated\">\n\t\t\t\t\t\t\t\t<div class=\"elementor-element elementor-element-c1ecbb0 elementor-view-default elementor-widget elementor-widget-icon\" data-id=\"c1ecbb0\" data-element_type=\"widget\" data-widget_type=\"icon.default\">\n\t\t\t\t<div class=\"elementor-widget-container\">\n\t\t\t\t\t<div class=\"elementor-icon-wrapper\">\n\t\t\t<div class=\"elementor-icon\">\n\t\t\t<i aria-hidden=\"true\" class=\"fas fa-walking\"><\/i>\t\t\t<\/div>\n\t\t<\/div>\n\t\t\t\t<\/div>\n\t\t\t\t<\/div>\n\t\t\t\t<div class=\"elementor-element elementor-element-50a8b58 elementor-view-default elementor-widget elementor-widget-icon\" data-id=\"50a8b58\" data-element_type=\"widget\" data-widget_type=\"icon.default\">\n\t\t\t\t<div class=\"elementor-widget-container\">\n\t\t\t\t\t<div class=\"elementor-icon-wrapper\">\n\t\t\t<div class=\"elementor-icon\">\n\t\t\t<i aria-hidden=\"true\" class=\"fas fa-wheelchair\"><\/i>\t\t\t<\/div>\n\t\t<\/div>\n\t\t\t\t<\/div>\n\t\t\t\t<\/div>\n\t\t\t\t<div class=\"elementor-element elementor-element-3ab5e00 elementor-widget elementor-widget-text-editor\" data-id=\"3ab5e00\" data-element_type=\"widget\" data-widget_type=\"text-editor.default\">\n\t\t\t\t<div class=\"elementor-widget-container\">\n\t\t\t\t\t\t\t<p>En venant au <u><b>cabinet<\/b><\/u>: 225 Avenue L\u00e9on Blum &#8211; 47000 Agen<\/p><p align=\"justify\">Le cabinet r\u00e9pond aux normes d\u2019accessibilit\u00e9 pour les personnes \u00e0 mobilit\u00e9 r\u00e9duite.<\/p><p align=\"justify\"><span style=\"color: #000000;\"><span style=\"font-family: Calibri, sans-serif;\"><span style=\"font-size: medium;\">Pour y acc\u00e9der, depuis la<b> gare SNCF d\u2019Agen<\/b>, via la D656, comptez<b> 6 minutes <\/b>(en direction de Pont-du-Casse)<b>.<\/b><\/span><\/span><\/span><\/p><p align=\"justify\"><span style=\"color: #000000;\"><span style=\"font-family: Calibri, sans-serif;\"><span style=\"font-size: medium;\">Depuis les <b>transports en commun<\/b>, de la gare SNCF d\u2019Agen, les lignes <span style=\"color: #ff0000;\"><b>1 (en direction Agen \u2013 Monluc)<\/b><\/span> et <span style=\"color: #66cc00;\"><b>9 (en direction de pont-du-Casse \u2013 Barri\u00e8re) <\/b><\/span>vous d\u00e9pose \u00e0 l\u2019<b>arr\u00eat Blum<\/b> devant la Maison de Sant\u00e9 Donnefort.<\/span><\/span><\/span><\/p><p align=\"justify\"><span style=\"color: #000000;\"><span style=\"font-family: Calibri, sans-serif;\"><span style=\"font-size: medium;\">Mais aussi <b>\u00e0 pied<\/b>, via Avenue Henri Barbusse ou Rue Pierre-Paul de Riquet ou la D656, comptez <b>26 minutes<\/b>.<\/span><\/span><\/span><\/p><p align=\"justify\"><a name=\"directions-mode-group-title_0_0\"><\/a><a name=\"section-directions-trip-title-0\"><\/a> <span style=\"font-family: Calibri, sans-serif;\"><span style=\"font-size: medium;\"><span style=\"color: #000000;\">Le cabinet est situ\u00e9 \u00e0 seulement <\/span><span style=\"color: #000000;\"><b>7 minutes <\/b><\/span><span style=\"color: #000000;\"><b>en voiture <\/b><\/span><span style=\"color: #000000;\"><b>du Centre Hospitalier Agen-N\u00e9rac<\/b><\/span> <span style=\"color: #000000;\">(<\/span><span style=\"color: #000000;\">Rue des Roches Noires et Rue Pierre-Paul de Riquet en direction de <\/span><span style=\"color: #000000;\">l\u2019<\/span><span style=\"color: #000000;\">Avenue L\u00e9on Blum\/D656<\/span><span style=\"color: #000000;\">). Et aussi \u00e0 <\/span><span style=\"color: #000000;\"><b>8 minutes du Centre Hospitalier D\u00e9partemental \u00ab\u00a0La Cand\u00e9lie\u00a0\u00bb<\/b><\/span><span style=\"color: #000000;\"> (via la Route de la Cand\u00e9lie et l\u2019Avenue de Cahors).<\/span><\/span><\/span><\/p><p>\u00a0<\/p>\t\t\t\t\t\t<\/div>\n\t\t\t\t<\/div>\n\t\t\t\t\t<\/div>\n\t\t<\/div>\n\t\t\t\t<div class=\"elementor-column elementor-col-50 elementor-inner-column elementor-element elementor-element-4ca5292\" data-id=\"4ca5292\" data-element_type=\"column\">\n\t\t\t<div class=\"elementor-widget-wrap elementor-element-populated\">\n\t\t\t\t\t\t\t\t<div class=\"elementor-element elementor-element-278b968 elementor-view-default elementor-widget elementor-widget-icon\" data-id=\"278b968\" data-element_type=\"widget\" data-widget_type=\"icon.default\">\n\t\t\t\t<div class=\"elementor-widget-container\">\n\t\t\t\t\t<div class=\"elementor-icon-wrapper\">\n\t\t\t<div class=\"elementor-icon\">\n\t\t\t<i aria-hidden=\"true\" class=\"fab fa-wpforms\"><\/i>\t\t\t<\/div>\n\t\t<\/div>\n\t\t\t\t<\/div>\n\t\t\t\t<\/div>\n\t\t\t\t<div class=\"elementor-element elementor-element-4fd10e9 elementor-widget elementor-widget-text-editor\" data-id=\"4fd10e9\" data-element_type=\"widget\" data-widget_type=\"text-editor.default\">\n\t\t\t\t<div class=\"elementor-widget-container\">\n\t\t\t\t\t\t\t<p>Par le <u><b>formulaire de contact<\/b><\/u>, en remplissant les \u00e9l\u00e9ments demand\u00e9s.<\/p><p>[contact-form-7 id=\u00a0\u00bb481&Prime; title=\u00a0\u00bbContactez-moi\u00a0\u00bb]<\/p>\t\t\t\t\t\t<\/div>\n\t\t\t\t<\/div>\n\t\t\t\t\t<\/div>\n\t\t<\/div>\n\t\t\t\t\t\t\t<\/div>\n\t\t<\/section>\n\t\t\t\t<div class=\"elementor-element elementor-element-a0a1d54 elementor-widget elementor-widget-text-editor\" data-id=\"a0a1d54\" data-element_type=\"widget\" data-widget_type=\"text-editor.default\">\n\t\t\t\t<div class=\"elementor-widget-container\">\n\t\t\t\t\t\t\t<p align=\"justify\"><span style=\"color: #ff3300;\"><span style=\"font-family: Calibri, sans-serif;\"><span style=\"font-size: medium;\"><u><b>Pour effectuer des s\u00e9ances \u00e0 distance\u00a0:<\/b><\/u><\/span><\/span><\/span><\/p><p align=\"justify\"><span style=\"color: #000000;\"><span style=\"font-family: Calibri, sans-serif;\"><span style=\"font-size: medium;\">Les s\u00e9ances th\u00e9rapeutiques peuvent \u00eatre effectu\u00e9es \u00e0 distance, en t\u00e9l\u00e9consultation par diff\u00e9rents supports visuels\/m\u00e9dia\/r\u00e9seaux : <\/span><\/span><\/span><span style=\"color: #000000;\"><span style=\"font-family: Calibri, sans-serif;\"><span style=\"font-size: medium;\"><span style=\"color: #ff3300;\"><b>Zoom &#8211; Skype \u2013 WhatsApp ou par t\u00e9l\u00e9phone<\/b><\/span><span style=\"color: #ff3300;\">.<\/span><\/span><\/span><\/span><\/p><p align=\"justify\"><span style=\"color: #000000;\"><span style=\"font-family: Calibri, sans-serif;\"><span style=\"font-size: medium;\">Le moyen que vous privil\u00e9giez devra \u00eatre discut\u00e9 ensemble afin de s\u2019assurer des bonnes conditions d\u2019\u00e9change et de garantir mutuellement notre cadre de travail.<\/span><\/span><\/span><\/p><p align=\"justify\"><span style=\"color: #000000;\"><span style=\"font-family: Calibri, sans-serif;\"><span style=\"font-size: medium;\"><b>Suivez-moi&#8230;<\/b><\/span><\/span><\/span><\/p><p align=\"justify\"><span style=\"color: #000000;\"><span style=\"font-family: Calibri, sans-serif;\"><span style=\"font-size: medium;\">Vous pouvez volontiers parcourir mes <u><b>divers r\u00e9seaux <\/b><\/u><u><b>de communication<\/b><\/u> comme :<\/span><\/span><\/span><\/p>\t\t\t\t\t\t<\/div>\n\t\t\t\t<\/div>\n\t\t\t\t\t<\/div>\n\t\t<\/div>\n\t\t\t\t\t\t\t<\/div>\n\t\t<\/section>\n\t\t\t\t<section class=\"elementor-section elementor-top-section elementor-element elementor-element-7a78e52 elementor-section-boxed elementor-section-height-default elementor-section-height-default\" data-id=\"7a78e52\" data-element_type=\"section\">\n\t\t\t\t\t\t<div class=\"elementor-container elementor-column-gap-default\">\n\t\t\t\t\t<div class=\"elementor-column elementor-col-33 elementor-top-column elementor-element elementor-element-e903eee\" data-id=\"e903eee\" data-element_type=\"column\">\n\t\t\t<div class=\"elementor-widget-wrap elementor-element-populated\">\n\t\t\t\t\t\t\t\t<div class=\"elementor-element elementor-element-01b6c09 elementor-widget elementor-widget-image\" data-id=\"01b6c09\" data-element_type=\"widget\" data-widget_type=\"image.default\">\n\t\t\t\t<div class=\"elementor-widget-container\">\n\t\t\t\t\t\t\t\t\t\t\t\t\t\t\t<img src=\"https:\/\/alizeefievre.fr\/wp-content\/uploads\/elementor\/thumbs\/Facebook-p3oikege1b3e479nl6k686a7gwfpxrrv9h5jcjdv90.png\" title=\"Facebook\" alt=\"Psychologue Enfants Adolescents Agen\" \/>\t\t\t\t\t\t\t\t\t\t\t\t\t\t\t<\/div>\n\t\t\t\t<\/div>\n\t\t\t\t<section class=\"elementor-section elementor-inner-section elementor-element elementor-element-b82ac8b elementor-section-boxed elementor-section-height-default elementor-section-height-default\" data-id=\"b82ac8b\" data-element_type=\"section\">\n\t\t\t\t\t\t<div class=\"elementor-container elementor-column-gap-default\">\n\t\t\t\t\t<div class=\"elementor-column elementor-col-100 elementor-inner-column elementor-element elementor-element-6ea4b95\" data-id=\"6ea4b95\" data-element_type=\"column\">\n\t\t\t<div class=\"elementor-widget-wrap elementor-element-populated\">\n\t\t\t\t\t\t\t\t<div class=\"elementor-element elementor-element-fcbe78e elementor-widget elementor-widget-text-editor\" data-id=\"fcbe78e\" data-element_type=\"widget\" data-widget_type=\"text-editor.default\">\n\t\t\t\t<div class=\"elementor-widget-container\">\n\t\t\t\t\t\t\t<p>Psychologue Enfants Adolescents Parents<\/p>\t\t\t\t\t\t<\/div>\n\t\t\t\t<\/div>\n\t\t\t\t\t<\/div>\n\t\t<\/div>\n\t\t\t\t\t\t\t<\/div>\n\t\t<\/section>\n\t\t\t\t\t<\/div>\n\t\t<\/div>\n\t\t\t\t<div class=\"elementor-column elementor-col-33 elementor-top-column elementor-element elementor-element-06d1f06\" data-id=\"06d1f06\" data-element_type=\"column\">\n\t\t\t<div class=\"elementor-widget-wrap elementor-element-populated\">\n\t\t\t\t\t\t\t\t<div class=\"elementor-element elementor-element-2f9d0d5 elementor-widget elementor-widget-image\" data-id=\"2f9d0d5\" data-element_type=\"widget\" data-widget_type=\"image.default\">\n\t\t\t\t<div class=\"elementor-widget-container\">\n\t\t\t\t\t\t\t\t\t\t\t\t\t\t\t<img src=\"https:\/\/alizeefievre.fr\/wp-content\/uploads\/elementor\/thumbs\/linked-in-2668696_1280-p3oihch9towudtpefd0tmg19ythrx6n9uctq75wxh0.png\" title=\"Aliz\u00e9e Fi\u00e8vre Psychologue hypnoth\u00e9rapeute Agen\" alt=\"Aliz\u00e9e Fi\u00e8vre Psychologue hypnoth\u00e9rapeute Agen\" \/>\t\t\t\t\t\t\t\t\t\t\t\t\t\t\t<\/div>\n\t\t\t\t<\/div>\n\t\t\t\t<section class=\"elementor-section elementor-inner-section elementor-element elementor-element-b04662c elementor-section-boxed elementor-section-height-default elementor-section-height-default\" data-id=\"b04662c\" data-element_type=\"section\">\n\t\t\t\t\t\t<div class=\"elementor-container elementor-column-gap-default\">\n\t\t\t\t\t<div class=\"elementor-column elementor-col-100 elementor-inner-column elementor-element elementor-element-aff550f\" data-id=\"aff550f\" data-element_type=\"column\">\n\t\t\t<div class=\"elementor-widget-wrap elementor-element-populated\">\n\t\t\t\t\t\t\t\t<div class=\"elementor-element elementor-element-76fc922 elementor-widget elementor-widget-text-editor\" data-id=\"76fc922\" data-element_type=\"widget\" data-widget_type=\"text-editor.default\">\n\t\t\t\t<div class=\"elementor-widget-container\">\n\t\t\t\t\t\t\t<p>Aliz\u00e9e Fi\u00e8vre<\/p>\t\t\t\t\t\t<\/div>\n\t\t\t\t<\/div>\n\t\t\t\t\t<\/div>\n\t\t<\/div>\n\t\t\t\t\t\t\t<\/div>\n\t\t<\/section>\n\t\t\t\t\t<\/div>\n\t\t<\/div>\n\t\t\t\t<div class=\"elementor-column elementor-col-33 elementor-top-column elementor-element elementor-element-d092c8c\" data-id=\"d092c8c\" data-element_type=\"column\">\n\t\t\t<div class=\"elementor-widget-wrap elementor-element-populated\">\n\t\t\t\t\t\t\t\t<div class=\"elementor-element elementor-element-366ac86 elementor-widget elementor-widget-image\" data-id=\"366ac86\" data-element_type=\"widget\" data-widget_type=\"image.default\">\n\t\t\t\t<div class=\"elementor-widget-container\">\n\t\t\t\t\t\t\t\t\t\t\t\t\t\t\t<img src=\"https:\/\/alizeefievre.fr\/wp-content\/uploads\/elementor\/thumbs\/logo-instagram-1-p3oifs2yfmrn17zbkon7gu9mbp7r3cfdmlolek8juc.png\" title=\"logo instagram\" alt=\"logo instagram\" \/>\t\t\t\t\t\t\t\t\t\t\t\t\t\t\t<\/div>\n\t\t\t\t<\/div>\n\t\t\t\t<section class=\"elementor-section elementor-inner-section elementor-element elementor-element-65b8127 elementor-section-boxed elementor-section-height-default elementor-section-height-default\" data-id=\"65b8127\" data-element_type=\"section\">\n\t\t\t\t\t\t<div class=\"elementor-container elementor-column-gap-default\">\n\t\t\t\t\t<div class=\"elementor-column elementor-col-100 elementor-inner-column elementor-element elementor-element-179400d\" data-id=\"179400d\" data-element_type=\"column\">\n\t\t\t<div class=\"elementor-widget-wrap elementor-element-populated\">\n\t\t\t\t\t\t\t\t<div class=\"elementor-element elementor-element-a61d7c1 elementor-widget elementor-widget-text-editor\" data-id=\"a61d7c1\" data-element_type=\"widget\" data-widget_type=\"text-editor.default\">\n\t\t\t\t<div class=\"elementor-widget-container\">\n\t\t\t\t\t\t\t<p>Psychoth\u00e9rhappy<\/p>\t\t\t\t\t\t<\/div>\n\t\t\t\t<\/div>\n\t\t\t\t\t<\/div>\n\t\t<\/div>\n\t\t\t\t\t\t\t<\/div>\n\t\t<\/section>\n\t\t\t\t\t<\/div>\n\t\t<\/div>\n\t\t\t\t\t\t\t<\/div>\n\t\t<\/section>\n\t\t\t\t\t\t<\/div>\n\t\t\t\t\t<\/div>\n\t\t","protected":false},"excerpt":{"rendered":"<p>Pour me contacter, plusieurs possibilit\u00e9s s\u2019offrent \u00e0 vous\u00a0: Par t\u00e9l\u00e9phone, au 06.60.45.09.07 Par mail, \u00e0 alizee.fievre@gmail.com En venant au cabinet: 225 Avenue L\u00e9on Blum &#8211; 47000 Agen Le cabinet r\u00e9pond aux normes d\u2019accessibilit\u00e9 pour les personnes \u00e0 mobilit\u00e9 r\u00e9duite. Pour y acc\u00e9der, depuis la gare SNCF d\u2019Agen, via la D656, comptez 6 minutes (en direction [&hellip;]<\/p>\n","protected":false},"author":1,"featured_media":0,"parent":0,"menu_order":10,"comment_status":"closed","ping_status":"closed","template":"","meta":[],"_links":{"self":[{"href":"https:\/\/alizeefievre.fr\/index.php?rest_route=\/wp\/v2\/pages\/168"}],"collection":[{"href":"https:\/\/alizeefievre.fr\/index.php?rest_route=\/wp\/v2\/pages"}],"about":[{"href":"https:\/\/alizeefievre.fr\/index.php?rest_route=\/wp\/v2\/types\/page"}],"author":[{"embeddable":true,"href":"https:\/\/alizeefievre.fr\/index.php?rest_route=\/wp\/v2\/users\/1"}],"replies":[{"embeddable":true,"href":"https:\/\/alizeefievre.fr\/index.php?rest_route=%2Fwp%2Fv2%2Fcomments&post=168"}],"version-history":[{"count":131,"href":"https:\/\/alizeefievre.fr\/index.php?rest_route=\/wp\/v2\/pages\/168\/revisions"}],"predecessor-version":[{"id":1101,"href":"https:\/\/alizeefievre.fr\/index.php?rest_route=\/wp\/v2\/pages\/168\/revisions\/1101"}],"wp:attachment":[{"href":"https:\/\/alizeefievre.fr\/index.php?rest_route=%2Fwp%2Fv2%2Fmedia&parent=168"}],"curies":[{"name":"wp","href":"https:\/\/api.w.org\/{rel}","templated":true}]}}